{"id":20514,"date":"2024-05-22T09:38:09","date_gmt":"2024-05-22T09:38:09","guid":{"rendered":"https:\/\/turani2.sviluppo.host\/materials\/"},"modified":"2025-10-20T10:13:46","modified_gmt":"2025-10-20T10:13:46","slug":"materials","status":"publish","type":"page","link":"https:\/\/turani2.sviluppo.host\/en\/materials\/","title":{"rendered":"Materials"},"content":{"rendered":"\t\t<div data-elementor-type=\"wp-page\" data-elementor-id=\"20514\" class=\"elementor elementor-20514\">\n\t\t\t\t\t\t\t        <section class=\"elementor-section elementor-top-section elementor-element elementor-element-2bf13630 elementor-section-boxed elementor-section-height-default elementor-section-height-default pxl-section-line-left-no pxl-section-line-right-no pxl-section-static-pos-no pxl-section-overflow-hidden-no\" data-id=\"2bf13630\" data-element_type=\"section\">\n\n                \n                <div class=\"elementor-container elementor-column-gap-default \">\n                <div class=\"elementor-column elementor-col-100 elementor-top-column elementor-element elementor-element-19ef1661 pxl-column-element-default pxl-column-overflow-hidden-no\" data-id=\"19ef1661\" data-element_type=\"column\">\r\n            <div class=\"elementor-widget-wrap elementor-element-populated\">\r\n                                    \t\t<div class=\"elementor-element elementor-element-52153f4 pxl-wg-bd-anm-no elementor-widget elementor-widget-heading\" data-id=\"52153f4\" data-element_type=\"widget\" data-widget_type=\"heading.default\">\n\t\t\t\t<div class=\"elementor-widget-container\">\n\t\t\t<style>\/*! elementor - v3.16.0 - 09-10-2023 *\/\n.elementor-heading-title{padding:0;margin:0;line-height:1}.elementor-widget-heading .elementor-heading-title[class*=elementor-size-]>a{color:inherit;font-size:inherit;line-height:inherit}.elementor-widget-heading .elementor-heading-title.elementor-size-small{font-size:15px}.elementor-widget-heading .elementor-heading-title.elementor-size-medium{font-size:19px}.elementor-widget-heading .elementor-heading-title.elementor-size-large{font-size:29px}.elementor-widget-heading .elementor-heading-title.elementor-size-xl{font-size:39px}.elementor-widget-heading .elementor-heading-title.elementor-size-xxl{font-size:59px}<\/style><h1 class=\"elementor-heading-title elementor-size-default\">Boxes <span style=\"color:#717171\">customized<\/span>\n<\/h1>\t\t<\/div>\n\t\t\t\t<\/div>\n\t\t\t\t<div class=\"elementor-element elementor-element-42c31ab pxl-wg-bd-anm-no elementor-widget elementor-widget-heading\" data-id=\"42c31ab\" data-element_type=\"widget\" data-widget_type=\"heading.default\">\n\t\t\t\t<div class=\"elementor-widget-container\">\n\t\t\t<h2 class=\"elementor-heading-title elementor-size-default\">High-quality materials for wooden boxes customizable in every detail: discover the different types \u2014 from the selection of solid wood to the finishes \u2014 to create elegant, durable, and unique boxes for every need.\n<\/h2>\t\t<\/div>\n\t\t\t\t<\/div>\n\t\t\t\t<div class=\"elementor-element elementor-element-255fb0b pxl-wg-bd-anm-no elementor-widget elementor-widget-text-editor\" data-id=\"255fb0b\" data-element_type=\"widget\" data-widget_type=\"text-editor.default\">\n\t\t\t\t<div class=\"elementor-widget-container\">\n\t\t\t<style>\/*! elementor - v3.16.0 - 09-10-2023 *\/\n.elementor-widget-text-editor.elementor-drop-cap-view-stacked .elementor-drop-cap{background-color:#69727d;color:#fff}.elementor-widget-text-editor.elementor-drop-cap-view-framed .elementor-drop-cap{color:#69727d;border:3px solid;background-color:transparent}.elementor-widget-text-editor:not(.elementor-drop-cap-view-default) .elementor-drop-cap{margin-top:8px}.elementor-widget-text-editor:not(.elementor-drop-cap-view-default) .elementor-drop-cap-letter{width:1em;height:1em}.elementor-widget-text-editor .elementor-drop-cap{float:left;text-align:center;line-height:1;font-size:50px}.elementor-widget-text-editor .elementor-drop-cap-letter{display:inline-block}<\/style>\t\t\t\t<p>La scelta del legno \u00e8 fondamentale: dal rovere per la robustezza, al noce per l&#8217;eleganza, al pino per la leggerezza e la facilit\u00e0 di lavorazione. Una volta assemblata, la scatola pu\u00f2 essere levigata, trattata con oli, vernici o cere per proteggerla e valorizzarne l&#8217;estetica.<\/p><p>L&#8217;assemblaggio di scatole in legno \u00e8 un&#8217;arte che combina abilit\u00e0 manuale, conoscenza dei materiali e creativit\u00e0. Scegliere la tecnica giusta significa non solo garantire la durabilit\u00e0 della scatola, ma anche esprimere un proprio stile e amore per l&#8217;artigianato.<\/p>\t\t\t\t\t\t<\/div>\n\t\t\t\t<\/div>\n\t\t\t\t<div class=\"elementor-element elementor-element-3eef7fd pxl-wg-bd-anm-no elementor-widget elementor-widget-shortcode\" data-id=\"3eef7fd\" data-element_type=\"widget\" data-widget_type=\"shortcode.default\">\n\t\t\t\t<div class=\"elementor-widget-container\">\n\t\t\t\t\t<div class=\"elementor-shortcode\"><div class=\"uk-scope\">\n\n    <div id=\"wk-grid139\" class=\"uk-child-width-1-1 uk-child-width-1-3@l uk-grid-small materialgrid materiali\"  uk-grid=\"masonry: next\"  >\n\n            \n        <div>\n        \n<div class=\"uk-panel\">\n\n    <div class=\"uk-inline-clip uk-transition-toggle \">\n\n        <img decoding=\"async\" src=\"\/wp-content\/uploads\/2025\/10\/scelta-legni.jpg\" class=\"uk-transition-scale-up uk-transition-opaque\" alt=\"Woods\" width=\"1200\" height=\"713\">\n        <div class=\"uk-overlay uk-overlay-primary uk-position-bottom uk-transition-fade\">\n\n            \n                                <div class=\"uk-h3 uk-margin-remove-bottom\">Woods<\/div>\n                \n                \n            \n        <\/div>\n\n                                    <a class=\"uk-position-cover\" href=\"\/en\/materials\/woods\/\"><\/a>\n                    \n    <\/div>\n\n<\/div>\n        <\/div>\n\n                    \n        <div>\n        \n<div class=\"uk-panel\">\n\n    <div class=\"uk-inline-clip uk-transition-toggle \">\n\n        <img decoding=\"async\" src=\"\/wp-content\/uploads\/2025\/10\/scelta-assemblaggio-1.jpg\" class=\"uk-transition-scale-up uk-transition-opaque\" alt=\"Assembly\" width=\"692\" height=\"800\">\n        <div class=\"uk-overlay uk-overlay-primary uk-position-bottom uk-transition-fade\">\n\n            \n                                <div class=\"uk-h3 uk-margin-remove-bottom\">Assembly<\/div>\n                \n                \n            \n        <\/div>\n\n                                    <a class=\"uk-position-cover\" href=\"\/en\/materials\/assembly\/\"><\/a>\n                    \n    <\/div>\n\n<\/div>\n        <\/div>\n\n                    \n        <div>\n        \n<div class=\"uk-panel\">\n\n    <div class=\"uk-inline-clip uk-transition-toggle \">\n\n        <img decoding=\"async\" src=\"\/wp-content\/uploads\/2025\/10\/apertura-slide-cover.jpg\" class=\"uk-transition-scale-up uk-transition-opaque\" alt=\"Opening Type\" width=\"1200\" height=\"713\">\n        <div class=\"uk-overlay uk-overlay-primary uk-position-bottom uk-transition-fade\">\n\n            \n                                <div class=\"uk-h3 uk-margin-remove-bottom\">Opening Type<\/div>\n                \n                \n            \n        <\/div>\n\n                                    <a class=\"uk-position-cover\" href=\"\/en\/materials\/type-of-opening\/\"><\/a>\n                    \n    <\/div>\n\n<\/div>\n        <\/div>\n\n                    \n        <div>\n        \n<div class=\"uk-panel\">\n\n    <div class=\"uk-inline-clip uk-transition-toggle \">\n\n        <img decoding=\"async\" src=\"\/wp-content\/uploads\/2025\/10\/finiture.jpg\" class=\"uk-transition-scale-up uk-transition-opaque\" alt=\"Finishes\" width=\"692\" height=\"800\">\n        <div class=\"uk-overlay uk-overlay-primary uk-position-bottom uk-transition-fade\">\n\n            \n                                <div class=\"uk-h3 uk-margin-remove-bottom\">Finishes<\/div>\n                \n                \n            \n        <\/div>\n\n                                    <a class=\"uk-position-cover\" href=\"\/en\/materials\/finishes\/\"><\/a>\n                    \n    <\/div>\n\n<\/div>\n        <\/div>\n\n                    \n        <div>\n        \n<div class=\"uk-panel\">\n\n    <div class=\"uk-inline-clip uk-transition-toggle \">\n\n        <img decoding=\"async\" src=\"\/wp-content\/uploads\/2025\/10\/personalizzazione.jpg\" class=\"uk-transition-scale-up uk-transition-opaque\" alt=\"Customisation\" width=\"1200\" height=\"713\">\n        <div class=\"uk-overlay uk-overlay-primary uk-position-bottom uk-transition-fade\">\n\n            \n                                <div class=\"uk-h3 uk-margin-remove-bottom\">Customisation<\/div>\n                \n                \n            \n        <\/div>\n\n                                    <a class=\"uk-position-cover\" href=\"\/en\/materials\/customization\/\"><\/a>\n                    \n    <\/div>\n\n<\/div>\n        <\/div>\n\n                    \n        <div>\n        \n<div class=\"uk-panel\">\n\n    <div class=\"uk-inline-clip uk-transition-toggle \">\n\n        <img decoding=\"async\" src=\"\/wp-content\/uploads\/2025\/10\/allestimento.jpg\" class=\"uk-transition-scale-up uk-transition-opaque\" alt=\"Internal Box\" width=\"692\" height=\"800\">\n        <div class=\"uk-overlay uk-overlay-primary uk-position-bottom uk-transition-fade\">\n\n            \n                                <div class=\"uk-h3 uk-margin-remove-bottom\">Internal Box<\/div>\n                \n                \n            \n        <\/div>\n\n                                    <a class=\"uk-position-cover\" href=\"\/en\/materials\/solutions-for-internal-box-preparation\/\"><\/a>\n                    \n    <\/div>\n\n<\/div>\n        <\/div>\n\n            \n    <\/div>\n\n\n\n<script>\n\n    (function(UIkit){\n\n        var $ = UIkit.util;\n\n        $.ready(function () {\n            if (!$.$('.uk-gallery-container')) {\n                $.append(document.body, '<div class=\"uk-scope uk-gallery-container\">');\n            }\n        });\n\n    })(window.UIkitwk || window.UIkit);\n\n<\/script>\n<\/div>\n<div class=\"uk-scope\">\n\n    <div id=\"wk-grid5e9\" class=\"uk-child-width-1-1 uk-child-width-1-1@l uk-grid-small materialgrid materiali secondgrid\"  uk-grid=\"masonry: next\"  >\n\n            \n        <div>\n        \n<div class=\"uk-panel\">\n\n    <div class=\"uk-inline-clip uk-transition-toggle \">\n\n        <img decoding=\"async\" src=\"\/wp-content\/uploads\/2025\/10\/allestimento-enogastronomiche-2.jpg\" class=\"uk-transition-scale-up uk-transition-opaque\" alt=\"Separators\" width=\"2430\" height=\"713\">\n        <div class=\"uk-overlay uk-overlay-primary uk-position-bottom uk-transition-fade\">\n\n            \n                                <div class=\"uk-h3 uk-margin-remove-bottom\">Separators<\/div>\n                \n                \n            \n        <\/div>\n\n                                    <a class=\"uk-position-cover\" href=\"\/en\/materials\/solutions-for-internal-box-set-up-in-the-food-and-wine-chest-sector\/\"><\/a>\n                    \n    <\/div>\n\n<\/div>\n        <\/div>\n\n            \n    <\/div>\n\n\n\n<script>\n\n    (function(UIkit){\n\n        var $ = UIkit.util;\n\n        $.ready(function () {\n            if (!$.$('.uk-gallery-container')) {\n                $.append(document.body, '<div class=\"uk-scope uk-gallery-container\">');\n            }\n        });\n\n    })(window.UIkitwk || window.UIkit);\n\n<\/script>\n<\/div><\/div>\n\t\t\t\t<\/div>\n\t\t\t\t<\/div>\n\t\t\t\t\t<\/div>\n\t\t<\/div>\n\t\t\t\t\t\t\t<\/div>\n\t\t<\/section>\n\t\t\t\t\t\t\t<\/div>\n\t\t","protected":false},"excerpt":{"rendered":"<p>Boxes customized High-quality materials for wooden boxes customizable in every detail: discover the different types \u2014 from the selection of solid wood to the finishes \u2014 to create elegant, durable, and unique boxes for every need. La scelta del legno \u00e8 fondamentale: dal rovere per la robustezza, al noce per l&#8217;eleganza, al pino per la [&hellip;]<\/p>\n","protected":false},"author":1,"featured_media":0,"parent":0,"menu_order":0,"comment_status":"closed","ping_status":"closed","template":"","meta":{"_acf_changed":false,"footnotes":""},"class_list":["post-20514","page","type-page","status-publish","hentry"],"acf":[],"_links":{"self":[{"href":"https:\/\/turani2.sviluppo.host\/en\/wp-json\/wp\/v2\/pages\/20514","targetHints":{"allow":["GET"]}}],"collection":[{"href":"https:\/\/turani2.sviluppo.host\/en\/wp-json\/wp\/v2\/pages"}],"about":[{"href":"https:\/\/turani2.sviluppo.host\/en\/wp-json\/wp\/v2\/types\/page"}],"author":[{"embeddable":true,"href":"https:\/\/turani2.sviluppo.host\/en\/wp-json\/wp\/v2\/users\/1"}],"replies":[{"embeddable":true,"href":"https:\/\/turani2.sviluppo.host\/en\/wp-json\/wp\/v2\/comments?post=20514"}],"version-history":[{"count":43,"href":"https:\/\/turani2.sviluppo.host\/en\/wp-json\/wp\/v2\/pages\/20514\/revisions"}],"predecessor-version":[{"id":23078,"href":"https:\/\/turani2.sviluppo.host\/en\/wp-json\/wp\/v2\/pages\/20514\/revisions\/23078"}],"wp:attachment":[{"href":"https:\/\/turani2.sviluppo.host\/en\/wp-json\/wp\/v2\/media?parent=20514"}],"curies":[{"name":"wp","href":"https:\/\/api.w.org\/{rel}","templated":true}]}}